{"id":17290,"date":"2013-10-16T15:19:10","date_gmt":"2013-10-16T13:19:10","guid":{"rendered":"https:\/\/tax-austria.at\/?page_id=17290"},"modified":"2023-09-26T10:18:32","modified_gmt":"2023-09-26T08:18:32","slug":"partners","status":"publish","type":"page","link":"https:\/\/tax-austria.at\/en\/partners\/","title":{"rendered":"Partners"},"content":{"rendered":"\n<h2 class=\"wp-block-heading\">Austria<\/h2>\n\n\n\n<h1 class=\"wp-block-heading\">Otti &amp; Partner Ihr Personalmanagement<\/h1>\n\n\n\n<h2 class=\"wp-block-heading\">Vienna, Burgenland<\/h2>\n\n\n\n<p>K\u00f6llnerhofgasse 5\/11, A-1010 Wien<br><strong>tel:<\/strong> + 43 1 513 94 36, <strong>email:<\/strong>&nbsp;<a href=\"mailto:otti@otti.at\">otti@otti.at<\/a><\/p>\n\n\n\n<h2 class=\"wp-block-heading\">Styria, Carinthia<\/h2>\n\n\n\n<p>Johann-Seifried-Ring 1, A-8054 Graz-Pirka<br><strong>tel:<\/strong> +43 (0)676 60 33 449, <strong>email:<\/strong>\u00a0<a href=\"mailto:otti@otti.at\">otti@otti.at<\/a><\/p>\n\n\n\n<h2 class=\"wp-block-heading\">Upper Austria, Salzburg<\/h2>\n\n\n\n<p>Steingasse 6a, A-4020 Linz <br><strong>tel:<\/strong> +43 (0)676 60 33 449, <strong>email:<\/strong><a href=\"mailto:otti@otti.at\">otti@otti.at<\/a><\/p>\n\n\n\n<h2 class=\"wp-block-heading\">Tyrol &amp; Vorarlberg<\/h2>\n\n\n\n<p>Salurner Stra\u00dfe 1, A-6020 Innsbruck<br><strong>tel:<\/strong> +43 (0)676 60 33 449, <strong>email:<\/strong><a href=\"mailto:otti@otti.at\">otti@otti.at<\/a><\/p>\n\n\n\n<hr class=\"wp-block-separator has-alpha-channel-opacity\"\/>\n\n\n\n<h2 class=\"wp-block-heading\"> Dipl. Ing. Peter G\u00e1l<\/h2>\n\n\n\n<p>Financial Statements, Accounting, Interpreter, Owner<br>c\/o tax company komanditn\u00e1 spolocnost 94901 Nitra<br><strong>tel:<\/strong> +421 37 6523056 <strong>email:<\/strong> <a href=\"mailto:gal_peter@pobox.sk\">gal_peter@pobox.sk<\/a><br><strong>languages:<\/strong> Slovakian, German<\/p>\n\n\n\n<hr class=\"wp-block-separator has-alpha-channel-opacity\"\/>\n\n\n\n<h3 class=\"wp-block-heading\">Bulgaria<\/h3>\n\n\n\n<h2 class=\"wp-block-heading\">Valentina Peneva<\/h2>\n\n\n\n<p>Auditing, Accounting, Manager c\/o VALEM 1463 Sofia<br><strong>tel:<\/strong> +359 2 953 41 38 <strong>email:<\/strong> <a href=\"mailto:Valem2000@cablebg.net\">Valem2000@cablebg.net<\/a><br><strong>languages:<\/strong> Bulgarian, Englisch, German<\/p>\n\n\n\n<hr class=\"wp-block-separator has-alpha-channel-opacity\"\/>\n\n\n\n<h3 class=\"wp-block-heading\">Hungary<\/h3>\n\n\n\n<h2 class=\"wp-block-heading\">Dr. Lakatos Pal<\/h2>\n\n\n\n<p>CPA, Managing Director<br>c\/o TUTTI K\u00f6nyvszakert\u00f6 \u00e9s Gazdas\u00e1gkutat\u00f3 Kft 1161 Budapest<br><strong>tel\/fax:<\/strong> +36 1 405 4633 <strong>email:<\/strong> <a href=\"mailto: tuttikft@hu.inter.net\">tuttikft@hu.inter.net<\/a><br><strong>languages:<\/strong> Hungarian, English, German<\/p>\n\n\n\n<hr class=\"wp-block-separator has-alpha-channel-opacity\"\/>\n\n\n\n<h3 class=\"wp-block-heading\">Germany<\/h3>\n\n\n\n<h2 class=\"wp-block-heading\">Dipl-Kfm. Andr\u00e9 Rugullies<\/h2>\n\n\n\n<p>tax adviser, managing director c\/o Hegemann &amp; Lawitzke SteuerberatungsgmbH 45133 Essen<br><strong>tel:<\/strong> +49 201 842 64 0 <strong>fax:<\/strong> +49 201 842 64 44<br><strong>languages:<\/strong> German, English<\/p>\n\n\n\n<hr class=\"wp-block-separator has-alpha-channel-opacity\"\/>\n\n\n\n<h3 class=\"wp-block-heading\">United Kingdom<\/h3>\n\n\n\n<h2 class=\"wp-block-heading\">Vera Menezes<\/h2>\n\n\n\n<p>c\/o Accordance Technical Services Ltd Brighton BN1 1YR<br><strong>tel:<\/strong> +44 (0)1273 573 950 <strong>fax:<\/strong> 44 (0) 1273 573 951<br><strong>email:<\/strong> <a href=\"mailto:vera.menezes@accordancevat.com\">vera.menezes@accordancevat.com<\/a><br><strong>languages:<\/strong> German, English<\/p>\n\n\n\n<hr class=\"wp-block-separator has-alpha-channel-opacity\"\/>\n\n\n\n<h3 class=\"wp-block-heading\">The Netherlands<\/h3>\n\n\n\n<h2 class=\"wp-block-heading\">Nico L. Buren<\/h2>\n\n\n\n<p>lawyer, Partner c\/o Buren van Velzen Guelen Lawyers civil-law notaries tax lawyers 2517 JP The Hague<br><strong>tel:<\/strong> +31 70 318 42 82 <strong>fax:<\/strong> +31 70 318 48 30<br><strong>email:<\/strong> <a href=\"mailto: buren@bvvg.nl\">buren@bvvg.nl<\/a> <strong>languages:<\/strong> Dutch, English<\/p>\n\n\n\n<hr class=\"wp-block-separator has-alpha-channel-opacity\"\/>\n\n\n\n<h3 class=\"wp-block-heading\">Cypress<\/h3>\n\n\n\n<h2 class=\"wp-block-heading\">George A. Philippides<\/h2>\n\n\n\n<p>CPA, Chairman c\/o BDO Philippides Chartered Accountants CY 1641 Nicosia <strong>tel:<\/strong> +357 22496000 <strong>fax:<\/strong>+357 22493000 <strong>email:<\/strong> <a href=\"mailto: gphilippides@bdo.com.cy\">gphilippides@bdo.com.cy<\/a><br><strong>languages:<\/strong> English<\/p>\n","protected":false},"excerpt":{"rendered":"<p>Austria Otti &amp; Partner Ihr Personalmanagement Vienna, Burgenland K\u00f6llnerhofgasse 5\/11, A-1010 Wientel: + 43 1 513 94 36, email:&nbsp;otti@otti.at Styria, Carinthia Johann-Seifried-Ring 1, A-8054 Graz-Pirkatel: +43 (0)676 60 33 449, email:\u00a0otti@otti.at Upper Austria, Salzburg Steingasse 6a, A-4020 Linz tel: +43 (0)676 60 33 449, email:otti@otti.at Tyrol &amp; Vorarlberg Salurner Stra\u00dfe 1, A-6020 Innsbrucktel: +43 (0)676&hellip;&nbsp;<\/p>\n","protected":false},"author":7,"featured_media":0,"parent":0,"menu_order":0,"comment_status":"closed","ping_status":"closed","template":"","meta":{"neve_meta_sidebar":"","neve_meta_container":"","neve_meta_enable_content_width":"off","neve_meta_content_width":100,"neve_meta_title_alignment":"","neve_meta_author_avatar":"","neve_post_elements_order":"","neve_meta_disable_header":"","neve_meta_disable_footer":"","neve_meta_disable_title":"","neve_meta_reading_time":"","_themeisle_gutenberg_block_has_review":false,"_ti_tpc_template_sync":false,"_ti_tpc_template_id":"","footnotes":""},"class_list":["post-17290","page","type-page","status-publish","hentry"],"_links":{"self":[{"href":"https:\/\/tax-austria.at\/en\/wp-json\/wp\/v2\/pages\/17290","targetHints":{"allow":["GET"]}}],"collection":[{"href":"https:\/\/tax-austria.at\/en\/wp-json\/wp\/v2\/pages"}],"about":[{"href":"https:\/\/tax-austria.at\/en\/wp-json\/wp\/v2\/types\/page"}],"author":[{"embeddable":true,"href":"https:\/\/tax-austria.at\/en\/wp-json\/wp\/v2\/users\/7"}],"replies":[{"embeddable":true,"href":"https:\/\/tax-austria.at\/en\/wp-json\/wp\/v2\/comments?post=17290"}],"version-history":[{"count":2,"href":"https:\/\/tax-austria.at\/en\/wp-json\/wp\/v2\/pages\/17290\/revisions"}],"predecessor-version":[{"id":17901,"href":"https:\/\/tax-austria.at\/en\/wp-json\/wp\/v2\/pages\/17290\/revisions\/17901"}],"wp:attachment":[{"href":"https:\/\/tax-austria.at\/en\/wp-json\/wp\/v2\/media?parent=17290"}],"curies":[{"name":"wp","href":"https:\/\/api.w.org\/{rel}","templated":true}]}}