{"id":16941,"date":"2014-06-08T10:14:44","date_gmt":"2014-06-08T08:14:44","guid":{"rendered":"https:\/\/tax-austria.at\/?page_id=16941"},"modified":"2023-08-30T09:32:10","modified_gmt":"2023-08-30T07:32:10","slug":"tax-austria-equipo","status":"publish","type":"page","link":"https:\/\/tax-austria.at\/es\/tax-austria-equipo\/","title":{"rendered":"Equipo"},"content":{"rendered":"<h2>TAX AUSTRIA EQUIPO<br \/>\nLa direcci\u00f3n de nuestro equipo:<\/h2>\n<h2>Mag. Renate Otti<\/h2>\n<p><img loading=\"lazy\" decoding=\"async\" class=\"alignleft wp-image-4223\" src=\"\/wp-content\/uploads\/renate-otti-steuerberaterin-188x274.jpg\" alt=\"\" width=\"103\" height=\"150\" title=\"\" srcset=\"https:\/\/tax-austria.at\/wp-content\/uploads\/renate-otti-steuerberaterin-188x274.jpg 188w, https:\/\/tax-austria.at\/wp-content\/uploads\/renate-otti-steuerberaterin-103x150.jpg 103w, https:\/\/tax-austria.at\/wp-content\/uploads\/renate-otti-steuerberaterin.jpg 531w\" sizes=\"auto, (max-width: 103px) 100vw, 103px\" \/><strong>Directora<\/strong><\/p>\n<p>Asesora fiscal<br \/>\nPerito oficial certificada por el Organismo de Contabilidad P\u00fablica y Ciencias Empresariales del Tribunal de Comercio de Viena<br \/>\nAssociate Judge at Labour Court Vienna since 2012<br \/>\nnacida en 1965 en Lienz Austria, 2 hijos<\/p>\n<p>Licenciada en Administraci\u00f3n de Empresas e Inform\u00e1tica en la Universidad T\u00e9cnica de Viena y estudios de derecho en la Universidad de Viena. Asistente de revision para Enrst &amp; Joung ( ex fiduciario de SOT S\u00fcd-Ost) y Deloitte Touche (anterior Auditor fiduciario). Contadora P\u00fablica desde 2001. Desde 1991, nacimiento de su primer hijo, trabajadora independiente, adem\u00e1s del trabajo y la familia es una apasionada corredora.<\/p>\n<p><a href=\"https:\/\/www.ksw.or.at\/PortalData\/1\/shadow\/wtverzeichnis\/Templates\/PrintInfo.aspx?mypersonid=ryjDZJ7DjCKXuEckL0Nqt2LfV\/Y2Ne8H&amp;myzwpersonid=\" rel=\"nofollow noopener\" target=\"_blank\">Member of Chamber of Tax Advisors and Auditors (WT-Code:212436)<\/a>\u00a0<a href=\"https:\/\/tax-austria.at\/wp-content\/uploads\/KWT-WT-Verzeichnis.pdf\">Directory (PDF)<\/a>\u00a0<a href=\"https:\/\/tax-austria.at\/wp-content\/uploads\/Bestellungsurkunde.pdf\">Certificate (PDF)<\/a><\/p>\n<p>Tel\u00e9fono:\u00a0 +43 1 22 88 700 600<br \/>\nCorreo electr\u00f3nico: <a href=\"mailto:otti@tax-austria.at\">otti@tax-austria.at<\/a><\/p>\n<hr \/>\n<h2>Mag. Tanja Geisler<\/h2>\n<h3>in Cooperation<\/h3>\n<p><img loading=\"lazy\" decoding=\"async\" class=\"alignleft wp-image-918\" style=\"margin-right: 10px;\" src=\"\/wp-content\/uploads\/Geisler.png\" alt=\"Mag. Tanja Geisler\" width=\"88\" height=\"107\" title=\"\" srcset=\"https:\/\/tax-austria.at\/wp-content\/uploads\/Geisler.png 274w, https:\/\/tax-austria.at\/wp-content\/uploads\/Geisler-225x274.png 225w, https:\/\/tax-austria.at\/wp-content\/uploads\/Geisler-123x150.png 123w\" sizes=\"auto, (max-width: 88px) 100vw, 88px\" \/><\/p>\n<p><strong>Asesora fiscal<\/strong><\/p>\n<p>Nacida en\u00a01983 en Amstetten, Austria<\/p>\n<p>graduation in business administration at Wirtschaftsuniversit\u00e4t Vienna,\u00a0since June 2011: tax adviser,\u00a0is in charge of the following topics: tax on real estate gains, foreign capital income, sponsorships for artists, Social insurance<\/p>\n<p>Correo electr\u00f3nico:\u00a0<a href=\"mailto:geisler@tax-austria.at\">geisler@tax-austria.at<\/a><\/p>\n<hr \/>\n<h2>Christine Schaar<\/h2>\n<p><strong><img loading=\"lazy\" decoding=\"async\" class=\"size-full wp-image-206 alignleft\" style=\"margin-right: 10px;\" src=\"\/wp-content\/uploads\/schaar_2_px120.jpg\" alt=\"schaar_2_px120\" width=\"88\" height=\"120\" title=\"\">Jefa contable<\/strong><\/p>\n<p>Nacida en 1962 en Hermagor\/ Austria, dos hijos<\/p>\n<p>hobbys shiatsu.<\/p>\n<p>Tel\u00e9fono: +43 1 22 88 700 100<br \/>\nCorreo electr\u00f3nico:<strong>\u00a0<\/strong><a href=\"mailto:schaar@tax-austria.at\">schaar@tax-austria.at<\/a><\/p>\n<hr \/>\n<h2>Renate Wagner<\/h2>\n<p><strong><img loading=\"lazy\" decoding=\"async\" class=\"size-full wp-image-207 alignleft\" style=\"margin-right: 10px;\" src=\"\/wp-content\/uploads\/wagner1_px120.jpg\" alt=\"wagner1_px120\" width=\"88\" height=\"120\" title=\"\"><\/strong><\/p>\n<p><strong>Jefe de servicios de n\u00f3mina<\/strong><\/p>\n<p>Nacida en\u00a01967 en Vienna Austria<\/p>\n<p>2 ni\u00f1os<\/p>\n<p>afici\u00f3n: Judo<\/p>\n<p>Correo electr\u00f3nico:<strong>\u00a0<\/strong><a href=\"mailto:wagner@tax-austria.at\">wagner@tax-austria.at<\/a><\/p>\n<hr \/>\n<h2 style=\"padding-top: 50px;\">Martina Binder<\/h2>\n<p><img loading=\"lazy\" decoding=\"async\" class=\"alignleft wp-image-2261 size-thumbnail\" src=\"http:\/\/tax-austria.at\/wp-content\/uploads\/Foto-100x150.jpg?_t=1487838360\" width=\"100\" height=\"150\" alt=\"\" title=\"\" srcset=\"https:\/\/tax-austria.at\/wp-content\/uploads\/Foto-100x150.jpg 100w, https:\/\/tax-austria.at\/wp-content\/uploads\/Foto-183x274.jpg 183w, https:\/\/tax-austria.at\/wp-content\/uploads\/Foto.jpg 512w\" sizes=\"auto, (max-width: 100px) 100vw, 100px\" \/><\/p>\n<p><strong>Payroll Accounting<\/strong><\/p>\n<p>Nacida en 1974 en Hallein, Salzburg\/Austria, 2 hijos<\/p>\n<p>Correo electr\u00f3nico: <a href=\"mailto:binder@tax-austria.at\">binder@tax-austria.at<\/a><\/p>\n<hr \/>\n<h2 style=\"padding-top: 50px;\">Eva Jaud-Hoffmann<\/h2>\n<p><img decoding=\"async\" class=\"alignleft wp-image-4047 size-full\" src=\"\/wp-content\/uploads\/eva-jaud-hoffmann.jpg\" alt=\"\" width=\"100\" title=\"\" srcset=\"https:\/\/tax-austria.at\/wp-content\/uploads\/eva-jaud-hoffmann.jpg 470w, https:\/\/tax-austria.at\/wp-content\/uploads\/eva-jaud-hoffmann-206x274.jpg 206w, https:\/\/tax-austria.at\/wp-content\/uploads\/eva-jaud-hoffmann-113x150.jpg 113w\" sizes=\"(max-width: 470px) 100vw, 470px\" \/><strong>servicios de n\u00f3mina<\/strong><\/p>\n<p>Nacida en 1956 en M\u00fanich Alemania<\/p>\n<p>Correo electr\u00f3nico: <a href=\"mailto:office@tax-austria.at\">office@tax-austria.at<\/a><\/p>\n<hr \/>\n<h2 style=\"padding-top: 50px;\">Dr. Fabiana Pastorini<\/h2>\n<p><img loading=\"lazy\" decoding=\"async\" class=\"alignleft wp-image-4968 size-thumbnail\" src=\"http:\/\/tax-austria.at\/wp-content\/uploads\/Fabiana_Pastorini-103x150.png?_t=1476433283\" width=\"103\" height=\"150\" alt=\"\" title=\"\" srcset=\"https:\/\/tax-austria.at\/wp-content\/uploads\/Fabiana_Pastorini-103x150.png 103w, https:\/\/tax-austria.at\/wp-content\/uploads\/Fabiana_Pastorini-189x274.png 189w, https:\/\/tax-austria.at\/wp-content\/uploads\/Fabiana_Pastorini.png 585w\" sizes=\"auto, (max-width: 103px) 100vw, 103px\" \/><br \/>\n<strong>support for our Spanish speaking customers<\/strong><\/p>\n<p><strong>Jurist<\/strong><\/p>\n<p>Nacida en 1962 en Buenos Aires, Argentinia<\/p>\n<p>hobbys Dance for Health<\/p>\n<p>Correo electr\u00f3nico:<strong>\u00a0<\/strong><a href=\"mailto:pastorini@tax-austria.at\">pastorini@tax-austria.at<\/a><\/p>\n","protected":false},"excerpt":{"rendered":"<p>TAX AUSTRIA EQUIPO La direcci\u00f3n de nuestro equipo: Mag. Renate Otti Directora Asesora fiscal Perito oficial certificada por el Organismo de Contabilidad P\u00fablica y Ciencias Empresariales del Tribunal de Comercio de Viena Associate Judge at Labour Court Vienna since 2012 nacida en 1965 en Lienz Austria, 2 hijos Licenciada en Administraci\u00f3n de Empresas e Inform\u00e1tica&hellip;&nbsp;<\/p>\n","protected":false},"author":7,"featured_media":0,"parent":0,"menu_order":0,"comment_status":"closed","ping_status":"closed","template":"","meta":{"neve_meta_sidebar":"","neve_meta_container":"","neve_meta_enable_content_width":"off","neve_meta_content_width":100,"neve_meta_title_alignment":"","neve_meta_author_avatar":"","neve_post_elements_order":"","neve_meta_disable_header":"","neve_meta_disable_footer":"","neve_meta_disable_title":"","neve_meta_reading_time":"","_themeisle_gutenberg_block_has_review":false,"_ti_tpc_template_sync":false,"_ti_tpc_template_id":"","footnotes":""},"class_list":["post-16941","page","type-page","status-publish","hentry"],"_links":{"self":[{"href":"https:\/\/tax-austria.at\/es\/wp-json\/wp\/v2\/pages\/16941","targetHints":{"allow":["GET"]}}],"collection":[{"href":"https:\/\/tax-austria.at\/es\/wp-json\/wp\/v2\/pages"}],"about":[{"href":"https:\/\/tax-austria.at\/es\/wp-json\/wp\/v2\/types\/page"}],"author":[{"embeddable":true,"href":"https:\/\/tax-austria.at\/es\/wp-json\/wp\/v2\/users\/7"}],"replies":[{"embeddable":true,"href":"https:\/\/tax-austria.at\/es\/wp-json\/wp\/v2\/comments?post=16941"}],"version-history":[{"count":6,"href":"https:\/\/tax-austria.at\/es\/wp-json\/wp\/v2\/pages\/16941\/revisions"}],"predecessor-version":[{"id":17447,"href":"https:\/\/tax-austria.at\/es\/wp-json\/wp\/v2\/pages\/16941\/revisions\/17447"}],"wp:attachment":[{"href":"https:\/\/tax-austria.at\/es\/wp-json\/wp\/v2\/media?parent=16941"}],"curies":[{"name":"wp","href":"https:\/\/api.w.org\/{rel}","templated":true}]}}