{"id":17060,"date":"2013-10-13T10:47:23","date_gmt":"2013-10-13T08:47:23","guid":{"rendered":"https:\/\/tax-austria.at\/?page_id=17060"},"modified":"2023-08-25T11:56:19","modified_gmt":"2023-08-25T09:56:19","slug":"enlaces","status":"publish","type":"page","link":"https:\/\/tax-austria.at\/es\/enlaces\/","title":{"rendered":"Enlaces"},"content":{"rendered":"<h2>C\u00e1lculos<\/h2>\n<p><a href=\"http:\/\/onlinerechner.haude.at\/bmf\/brutto-netto-rechner.html\" target=\"_blank\" rel=\"noopener nofollow\">Ingresos brutos para empleados y jubilados de ASGV<\/a><br \/>\n<a href=\"https:\/\/www.sozialversicherung.at\/pensionskalkulator-2.0\/\" target=\"_blank\" rel=\"noopener nofollow\">C\u00e1lculo de pensiones<\/a><\/p>\n<h2>Enlaces \u00fatiles<\/h2>\n<p><a href=\"https:\/\/www.usp.gv.at\/Portal.Node\/usp\/public\/content\/en\/startpage.html?template=microsite\" target=\"_blank\" rel=\"noopener nofollow\">Austrian Federal Government&#8217;s centralised web portal for businesses<\/a><br \/>\n<a href=\"http:\/\/www.otti.at\" target=\"_blank\" rel=\"noopener nofollow\">Agencia de personal y contrataci\u00f3n<\/a><br \/>\n<a href=\"https:\/\/www.bmf.gv.at\/steuern\/fahrzeuge\/vorsteuerabzugsberechtigte-fahrzeuge.html\" target=\"_blank\" rel=\"noopener nofollow\">Lista de pre deducci\u00f3n impositivas autorizados para veh\u00edculos de trabajo<\/a><br \/>\n<a href=\"http:\/\/ec.europa.eu\/taxation_customs\/vies\/?locale=es\" target=\"_blank\" rel=\"noopener nofollow\">Numero de identificacion del IVA- comprobaci\u00f3n de validez<\/a><br \/>\n<a href=\"https:\/\/finanzonline.bmf.gv.at\/fon\/\" target=\"_blank\" rel=\"noopener nofollow\">Finanzas on line<\/a><br \/>\n<a href=\"http:\/\/www.gruenderservice.at\/startseite.wk\" target=\"_blank\" rel=\"noopener nofollow\">Los j\u00f3venes empresarios<\/a><br \/>\n<a href=\"http:\/\/service.bmf.gv.at\/Service\/allg\/spenden\/show_mast.asp\" target=\"_blank\" rel=\"noopener nofollow\">Donaciones deducibles de impuestos<\/a><br \/>\n<a href=\"http:\/\/www.statistik.at\/web_en\/statistics\/Prices\/consumer_price_index_cpi_hcpi\/index.html\" target=\"_blank\" rel=\"noopener nofollow\">\u00cdndice de precios al consumidor<\/a><br \/>\n<a href=\"http:\/\/www.sozialversicherung.at\/portal27\/portal\/esv_enportal\/start\/startWindow?action=2&amp;p_menuid=69246&amp;p_tabid=1\" target=\"_blank\" rel=\"noopener nofollow\">Seguridad social austriaco<\/a><br \/>\n<a href=\"http:\/\/www.ris.bka.gv.at\/defaultEn.aspx\" target=\"_blank\" rel=\"noopener nofollow\">Hojas oficiales<\/a><\/p>\n<h2>Formularios<\/h2>\n<p><a href=\"https:\/\/service.bmf.gv.at\/service\/anwend\/formulare\/show_mast.asp?Typ=SM&amp;STyp=HaFo\" target=\"_blank\" rel=\"noopener nofollow\">Formularios impositivos on line<\/a><br \/>\n<a href=\"http:\/\/esv-sva.sozvers.at\/portal27\/portal\/svaportal\/channel_content\/cmsWindow?action=2&amp;p_menuid=6913&amp;p_tabid=5\" target=\"_blank\" rel=\"noopener nofollow\">Institucione de seguridad social austr\u00edacas<\/a><\/p>\n","protected":false},"excerpt":{"rendered":"<p>C\u00e1lculos Ingresos brutos para empleados y jubilados de ASGV C\u00e1lculo de pensiones Enlaces \u00fatiles Austrian Federal Government&#8217;s centralised web portal for businesses Agencia de personal y contrataci\u00f3n Lista de pre deducci\u00f3n impositivas autorizados para veh\u00edculos de trabajo Numero de identificacion del IVA- comprobaci\u00f3n de validez Finanzas on line Los j\u00f3venes empresarios Donaciones deducibles de impuestos&hellip;&nbsp;<\/p>\n","protected":false},"author":7,"featured_media":0,"parent":0,"menu_order":0,"comment_status":"closed","ping_status":"closed","template":"","meta":{"neve_meta_sidebar":"","neve_meta_container":"","neve_meta_enable_content_width":"off","neve_meta_content_width":100,"neve_meta_title_alignment":"","neve_meta_author_avatar":"","neve_post_elements_order":"","neve_meta_disable_header":"","neve_meta_disable_footer":"","neve_meta_disable_title":"","neve_meta_reading_time":"","_themeisle_gutenberg_block_has_review":false,"_ti_tpc_template_sync":false,"_ti_tpc_template_id":"","footnotes":""},"class_list":["post-17060","page","type-page","status-publish","hentry"],"_links":{"self":[{"href":"https:\/\/tax-austria.at\/es\/wp-json\/wp\/v2\/pages\/17060","targetHints":{"allow":["GET"]}}],"collection":[{"href":"https:\/\/tax-austria.at\/es\/wp-json\/wp\/v2\/pages"}],"about":[{"href":"https:\/\/tax-austria.at\/es\/wp-json\/wp\/v2\/types\/page"}],"author":[{"embeddable":true,"href":"https:\/\/tax-austria.at\/es\/wp-json\/wp\/v2\/users\/7"}],"replies":[{"embeddable":true,"href":"https:\/\/tax-austria.at\/es\/wp-json\/wp\/v2\/comments?post=17060"}],"version-history":[{"count":1,"href":"https:\/\/tax-austria.at\/es\/wp-json\/wp\/v2\/pages\/17060\/revisions"}],"predecessor-version":[{"id":17061,"href":"https:\/\/tax-austria.at\/es\/wp-json\/wp\/v2\/pages\/17060\/revisions\/17061"}],"wp:attachment":[{"href":"https:\/\/tax-austria.at\/es\/wp-json\/wp\/v2\/media?parent=17060"}],"curies":[{"name":"wp","href":"https:\/\/api.w.org\/{rel}","templated":true}]}}