{"id":17094,"date":"2020-02-24T14:01:31","date_gmt":"2020-02-24T13:01:31","guid":{"rendered":"https:\/\/tax-austria.at\/?page_id=17094"},"modified":"2023-12-15T12:35:45","modified_gmt":"2023-12-15T11:35:45","slug":"asesoria-impositiva-homepage","status":"publish","type":"page","link":"https:\/\/tax-austria.at\/es\/","title":{"rendered":"ASESOR\u00cdA IMPOSITIVA"},"content":{"rendered":"\n\n\n<div id=\"wp-block-themeisle-blocks-advanced-columns-678cc482\" class=\"wp-block-themeisle-blocks-advanced-columns alignfull has-1-columns has-desktop-equal-layout has-tablet-equal-layout has-mobile-collapsedRows-layout has-reverse-columns-mobile has-vertical-bottom ticss-c00aadba has-dark-bg\"><div class=\"wp-block-themeisle-blocks-advanced-columns-overlay\"><\/div><div class=\"innerblocks-wrap\">\n<div id=\"wp-block-themeisle-blocks-advanced-column-4d412c51\" class=\"wp-block-themeisle-blocks-advanced-column\">\n<h2 id=\"wp-block-themeisle-blocks-advanced-heading-fb3c7a39\" class=\"wp-block-themeisle-blocks-advanced-heading wp-block-themeisle-blocks-advanced-heading-fb3c7a39\">Nos lo ayudamos en<strong>:<\/strong><\/h2>\n\n\n\n<p class=\"has-text-align-center has-text-color\" style=\"color:#fefefe\">todos los procedimientos necesarios ante las autoridades:&nbsp;<strong>Oficina Fiscal, Seguro Social y Aduanas<\/strong>&nbsp;\u2013 Informaci\u00f3n sobre todo tipo de cuestiones impositivas \u2013&nbsp;<strong>Optimizar la tributaci\u00f3n<\/strong>&nbsp;sobre sus actividad consultas en decisiones estrat\u00e9gicas.&nbsp;<\/p>\n\n\n\n<div class=\"wp-block-buttons is-content-justification-center is-layout-flex wp-container-core-buttons-is-layout-16018d1d wp-block-buttons-is-layout-flex\"><\/div>\n<\/div>\n<\/div><\/div>\n\n\n\n<div style=\"height:50px\" aria-hidden=\"true\" class=\"wp-block-spacer\"><\/div>\n\n\n<div  class=\"ultp-post-grid-block wp-block-ultimate-post-post-grid-1 ultp-block-fa75a4 alignwide\"><div class=\"ultp-block-wrapper\"><div class=\"ultp-loading\"><div class=\"ultp-loading-blocks\" style=\"width:100%;height:100%;\"><div style=\"left: 0;top: 0;animation-delay:0s;\"><\/div><div style=\"left: 21px;top: 0;animation-delay:0.125s;\"><\/div><div style=\"left: 42px;top: 0;animation-delay:0.25s;\"><\/div><div style=\"left: 0;top: 21px;animation-delay:0.875s;\"><\/div><div style=\"left: 42px;top: 21px;animation-delay:0.375s;\"><\/div><div style=\"left: 0;top: 42px;animation-delay:0.75s;\"><\/div><div style=\"left: 42px;top: 42px;animation-delay:0.625s;\"><\/div><div style=\"left: 21px;top: 42px;animation-delay:0.5s;\"><\/div><\/div><\/div><div class=\"ultp-heading-filter\"><div class=\"ultp-heading-filter-in\"><div class=\"ultp-heading-wrap ultp-heading-style1 ultp-heading-center\"><h2 class=\"ultp-heading-inner\"><span> Nuestros Servicios<\/span><\/h2><\/div><div class=\"ultp-filter-navigation\"><\/div><\/div><\/div><div class=\"ultp-block-items-wrap ultp-block-row ultp-pg1a-style1 ultp-grid1-responsive ultp-block-column-3 ultp-sm-column-1 ultp-xs-column-1 ultp-layout1\"><div class=\"ultp-block-item post-id-16920\"><div class=\"ultp-block-content-wrap\"><div class=\"ultp-block-image ultp-block-image-opacity\"><a href=\"https:\/\/tax-austria.at\/es\/liquidacion-de-salario-gestion-de-recursos-humanos\/\"><img decoding=\"async\" class=\"ultp-block-image-content\" alt=\"LIQUIDACION DE SALARIO &#8211; GESTI\u00d3N DE RECURSOS HUMANOS\" src=\"https:\/\/tax-austria.at\/wp-content\/uploads\/lvpv-768x507.png\" title=\"\"><\/a><\/div><div class=\"ultp-block-content\"><h3 class=\"ultp-block-title \"><a href=\"https:\/\/tax-austria.at\/es\/liquidacion-de-salario-gestion-de-recursos-humanos\/\">LIQUIDACION DE SALARIO &#8211; GESTI\u00d3N DE RECURSOS HUMANOS<\/a><\/h3><div class=\"ultp-block-excerpt\"><p>Si Usted no desea ser un experto en leyes laborales&hellip;<\/p>\n<\/div><div class=\"ultp-block-readmore\"><a aria-label=\"LIQUIDACION DE SALARIO &#8211; GESTI\u00d3N DE RECURSOS HUMANOS\" href=\"https:\/\/tax-austria.at\/es\/liquidacion-de-salario-gestion-de-recursos-humanos\/\">Concertar una cita! <svg xmlns=\"http:\/\/www.w3.org\/2000\/svg\" fill=\"none\" viewBox=\"0 0 24 24\">\n  <path stroke=\"currentColor\" stroke-linecap=\"round\" stroke-linejoin=\"round\" stroke-width=\"1.5\" d=\"m12 20.5 8.5-8.5m0 0L12 3.5m8.5 8.5h-17\"\/>\n<\/svg>\n<\/a><\/div><\/div><\/div><\/div><div class=\"ultp-block-item post-id-16885\"><div class=\"ultp-block-content-wrap\"><div class=\"ultp-block-image ultp-block-image-opacity\"><a href=\"https:\/\/tax-austria.at\/es\/asesoria-impositiva\/\"><img decoding=\"async\" class=\"ultp-block-image-content\" alt=\"ASESOR\u00cdA IMPOSITIVA\" src=\"https:\/\/tax-austria.at\/wp-content\/uploads\/tax-austria-1.jpg\" title=\"\"><\/a><\/div><div class=\"ultp-block-content\"><h3 class=\"ultp-block-title \"><a href=\"https:\/\/tax-austria.at\/es\/asesoria-impositiva\/\">ASESOR\u00cdA IMPOSITIVA<\/a><\/h3><div class=\"ultp-block-excerpt\"><p>Nos lo ayudamos en: todos los procedimientos necesarios ante las&hellip;<\/p>\n<\/div><div class=\"ultp-block-readmore\"><a aria-label=\"ASESOR\u00cdA IMPOSITIVA\" href=\"https:\/\/tax-austria.at\/es\/asesoria-impositiva\/\">Concertar una cita! <svg xmlns=\"http:\/\/www.w3.org\/2000\/svg\" fill=\"none\" viewBox=\"0 0 24 24\">\n  <path stroke=\"currentColor\" stroke-linecap=\"round\" stroke-linejoin=\"round\" stroke-width=\"1.5\" d=\"m12 20.5 8.5-8.5m0 0L12 3.5m8.5 8.5h-17\"\/>\n<\/svg>\n<\/a><\/div><\/div><\/div><\/div><div class=\"ultp-block-item post-id-16890\"><div class=\"ultp-block-content-wrap\"><div class=\"ultp-block-image ultp-block-image-opacity\"><a href=\"https:\/\/tax-austria.at\/es\/asesoria-para-jovenes-epresarios\/\"><img decoding=\"async\" class=\"ultp-block-image-content\" alt=\"ASESOR\u00cdA PARA J\u00d3VENES EPRESARIOS\" src=\"https:\/\/tax-austria.at\/wp-content\/uploads\/6382_buu15887lbq-768x371.jpg\" title=\"\"><\/a><\/div><div class=\"ultp-block-content\"><h3 class=\"ultp-block-title \"><a href=\"https:\/\/tax-austria.at\/es\/asesoria-para-jovenes-epresarios\/\">ASESOR\u00cdA PARA J\u00d3VENES EPRESARIOS<\/a><\/h3><div class=\"ultp-block-excerpt\"><p>Inicio empresarial. Usted est\u00e1 empezando? le ayudamos con Concertar una&hellip;<\/p>\n<\/div><div class=\"ultp-block-readmore\"><a aria-label=\"ASESOR\u00cdA PARA J\u00d3VENES EPRESARIOS\" href=\"https:\/\/tax-austria.at\/es\/asesoria-para-jovenes-epresarios\/\">Concertar una cita! <svg xmlns=\"http:\/\/www.w3.org\/2000\/svg\" fill=\"none\" viewBox=\"0 0 24 24\">\n  <path stroke=\"currentColor\" stroke-linecap=\"round\" stroke-linejoin=\"round\" stroke-width=\"1.5\" d=\"m12 20.5 8.5-8.5m0 0L12 3.5m8.5 8.5h-17\"\/>\n<\/svg>\n<\/a><\/div><\/div><\/div><\/div><div class=\"ultp-block-item post-id-16896\"><div class=\"ultp-block-content-wrap\"><div class=\"ultp-block-image ultp-block-image-opacity\"><a href=\"https:\/\/tax-austria.at\/es\/asesosria-fiscal-contaduria-publica\/\"><img decoding=\"async\" class=\"ultp-block-image-content\" alt=\"ASESOSR\u00cdA FISCAL &#8211; CONTADUR\u00cdA P\u00daBLICA\" src=\"https:\/\/tax-austria.at\/wp-content\/uploads\/welt-slide-768x403.jpg\" title=\"\"><\/a><\/div><div class=\"ultp-block-content\"><h3 class=\"ultp-block-title \"><a href=\"https:\/\/tax-austria.at\/es\/asesosria-fiscal-contaduria-publica\/\">ASESOSR\u00cdA FISCAL &#8211; CONTADUR\u00cdA P\u00daBLICA<\/a><\/h3><div class=\"ultp-block-excerpt\"><p>Licenciada Renate Otti Las empresas extranjeras &#8211; en especial \u00a0las&hellip;<\/p>\n<\/div><div class=\"ultp-block-readmore\"><a aria-label=\"ASESOSR\u00cdA FISCAL &#8211; CONTADUR\u00cdA P\u00daBLICA\" href=\"https:\/\/tax-austria.at\/es\/asesosria-fiscal-contaduria-publica\/\">Concertar una cita! <svg xmlns=\"http:\/\/www.w3.org\/2000\/svg\" fill=\"none\" viewBox=\"0 0 24 24\">\n  <path stroke=\"currentColor\" stroke-linecap=\"round\" stroke-linejoin=\"round\" stroke-width=\"1.5\" d=\"m12 20.5 8.5-8.5m0 0L12 3.5m8.5 8.5h-17\"\/>\n<\/svg>\n<\/a><\/div><\/div><\/div><\/div><div class=\"ultp-block-item post-id-16901\"><div class=\"ultp-block-content-wrap\"><div class=\"ultp-block-image ultp-block-image-opacity\"><a href=\"https:\/\/tax-austria.at\/es\/devolucion-del-iva-para-empresas-no-residentes\/\"><img decoding=\"async\" class=\"ultp-block-image-content\" alt=\"DEVOLUCION DEL IVA PARA EMPRESAS NO RESIDENTES\" src=\"https:\/\/tax-austria.at\/wp-content\/uploads\/VAT_Refund-e1384011852975.jpg\" title=\"\"><\/a><\/div><div class=\"ultp-block-content\"><h3 class=\"ultp-block-title \"><a href=\"https:\/\/tax-austria.at\/es\/devolucion-del-iva-para-empresas-no-residentes\/\">DEVOLUCION DEL IVA PARA EMPRESAS NO RESIDENTES<\/a><\/h3><div class=\"ultp-block-excerpt\"><p>Tiene Usted una empresa sin un establecimiento fijo en Austria&hellip;<\/p>\n<\/div><div class=\"ultp-block-readmore\"><a aria-label=\"DEVOLUCION DEL IVA PARA EMPRESAS NO RESIDENTES\" href=\"https:\/\/tax-austria.at\/es\/devolucion-del-iva-para-empresas-no-residentes\/\">Concertar una cita! <svg xmlns=\"http:\/\/www.w3.org\/2000\/svg\" fill=\"none\" viewBox=\"0 0 24 24\">\n  <path stroke=\"currentColor\" stroke-linecap=\"round\" stroke-linejoin=\"round\" stroke-width=\"1.5\" d=\"m12 20.5 8.5-8.5m0 0L12 3.5m8.5 8.5h-17\"\/>\n<\/svg>\n<\/a><\/div><\/div><\/div><\/div><div class=\"ultp-block-item post-id-16915\"><div class=\"ultp-block-content-wrap\"><div class=\"ultp-block-image ultp-block-image-opacity\"><a href=\"https:\/\/tax-austria.at\/es\/contabilidad-e-informes-anuales\/\"><img decoding=\"async\" class=\"ultp-block-image-content\" alt=\"CONTABILIDAD E INFORMES ANUALES\" src=\"https:\/\/tax-austria.at\/wp-content\/uploads\/Jahresabschluss-e1385310622881-768x434.jpg\" title=\"\"><\/a><\/div><div class=\"ultp-block-content\"><h3 class=\"ultp-block-title \"><a href=\"https:\/\/tax-austria.at\/es\/contabilidad-e-informes-anuales\/\">CONTABILIDAD E INFORMES ANUALES<\/a><\/h3><div class=\"ultp-block-excerpt\"><p>\u00bf Quiere dejar su contabilidad en manos de expertos? Nos&hellip;<\/p>\n<\/div><div class=\"ultp-block-readmore\"><a aria-label=\"CONTABILIDAD E INFORMES ANUALES\" href=\"https:\/\/tax-austria.at\/es\/contabilidad-e-informes-anuales\/\">Concertar una cita! <svg xmlns=\"http:\/\/www.w3.org\/2000\/svg\" fill=\"none\" viewBox=\"0 0 24 24\">\n  <path stroke=\"currentColor\" stroke-linecap=\"round\" stroke-linejoin=\"round\" stroke-width=\"1.5\" d=\"m12 20.5 8.5-8.5m0 0L12 3.5m8.5 8.5h-17\"\/>\n<\/svg>\n<\/a><\/div><\/div><\/div><\/div><div class=\"ultp-block-item post-id-16925\"><div class=\"ultp-block-content-wrap\"><div class=\"ultp-block-image ultp-block-image-opacity\"><a href=\"https:\/\/tax-austria.at\/es\/temas-fiscales-internacionales\/\"><img decoding=\"async\" class=\"ultp-block-image-content\" alt=\"TEMAS FISCALES INTERNACIONALES\" src=\"https:\/\/tax-austria.at\/wp-content\/uploads\/Internationale_Partner-e1384198121794-768x371.jpg\" title=\"\"><\/a><\/div><div class=\"ultp-block-content\"><h3 class=\"ultp-block-title \"><a href=\"https:\/\/tax-austria.at\/es\/temas-fiscales-internacionales\/\">TEMAS FISCALES INTERNACIONALES<\/a><\/h3><div class=\"ultp-block-excerpt\"><p>Tiene conexi\u00f3n con otros pa\u00edses o planea iniciar actividad empresarial&hellip;<\/p>\n<\/div><div class=\"ultp-block-readmore\"><a aria-label=\"TEMAS FISCALES INTERNACIONALES\" href=\"https:\/\/tax-austria.at\/es\/temas-fiscales-internacionales\/\">Concertar una cita! <svg xmlns=\"http:\/\/www.w3.org\/2000\/svg\" fill=\"none\" viewBox=\"0 0 24 24\">\n  <path stroke=\"currentColor\" stroke-linecap=\"round\" stroke-linejoin=\"round\" stroke-width=\"1.5\" d=\"m12 20.5 8.5-8.5m0 0L12 3.5m8.5 8.5h-17\"\/>\n<\/svg>\n<\/a><\/div><\/div><\/div><\/div><div class=\"ultp-block-item post-id-16929\"><div class=\"ultp-block-content-wrap\"><div class=\"ultp-block-image ultp-block-image-opacity\"><a href=\"https:\/\/tax-austria.at\/es\/impuestos-inmobiliarios\/\"><img decoding=\"async\" class=\"ultp-block-image-content\" alt=\"IMPUESTOS INMOBILIARIOS\" src=\"https:\/\/tax-austria.at\/wp-content\/uploads\/14157_iep3712ogn.jpg\" title=\"\"><\/a><\/div><div class=\"ultp-block-content\"><h3 class=\"ultp-block-title \"><a href=\"https:\/\/tax-austria.at\/es\/impuestos-inmobiliarios\/\">IMPUESTOS INMOBILIARIOS<\/a><\/h3><div class=\"ultp-block-excerpt\"><p>Usted vende, dona, o simplemente hereda una propiedad y quiere&hellip;<\/p>\n<\/div><div class=\"ultp-block-readmore\"><a aria-label=\"IMPUESTOS INMOBILIARIOS\" href=\"https:\/\/tax-austria.at\/es\/impuestos-inmobiliarios\/\">Concertar una cita! <svg xmlns=\"http:\/\/www.w3.org\/2000\/svg\" fill=\"none\" viewBox=\"0 0 24 24\">\n  <path stroke=\"currentColor\" stroke-linecap=\"round\" stroke-linejoin=\"round\" stroke-width=\"1.5\" d=\"m12 20.5 8.5-8.5m0 0L12 3.5m8.5 8.5h-17\"\/>\n<\/svg>\n<\/a><\/div><\/div><\/div><\/div><div class=\"ultp-block-item post-id-16934\"><div class=\"ultp-block-content-wrap\"><div class=\"ultp-block-image ultp-block-image-opacity\"><a href=\"https:\/\/tax-austria.at\/es\/envio-de-personal-al-y-dese-el-exterior-expatriados\/\"><img decoding=\"async\" class=\"ultp-block-image-content\" alt=\"ENVIO DE PERSONAL AL Y DESE EL EXTERIOR. EXPATRIADOS\" src=\"https:\/\/tax-austria.at\/wp-content\/uploads\/lvpv-768x507.png\" title=\"\"><\/a><\/div><div class=\"ultp-block-content\"><h3 class=\"ultp-block-title \"><a href=\"https:\/\/tax-austria.at\/es\/envio-de-personal-al-y-dese-el-exterior-expatriados\/\">ENVIO DE PERSONAL AL Y DESE EL EXTERIOR. EXPATRIADOS<\/a><\/h3><div class=\"ultp-block-excerpt\"><p>\u00bfSu empresa quiere enviar empleados al extranjero o quiere emplear&hellip;<\/p>\n<\/div><div class=\"ultp-block-readmore\"><a aria-label=\"ENVIO DE PERSONAL AL Y DESE EL EXTERIOR. EXPATRIADOS\" href=\"https:\/\/tax-austria.at\/es\/envio-de-personal-al-y-dese-el-exterior-expatriados\/\">Concertar una cita! <svg xmlns=\"http:\/\/www.w3.org\/2000\/svg\" fill=\"none\" viewBox=\"0 0 24 24\">\n  <path stroke=\"currentColor\" stroke-linecap=\"round\" stroke-linejoin=\"round\" stroke-width=\"1.5\" d=\"m12 20.5 8.5-8.5m0 0L12 3.5m8.5 8.5h-17\"\/>\n<\/svg>\n<\/a><\/div><\/div><\/div><\/div><\/div><div class=\"ultp-pagination-wrap ultp-pagination-ajax-action\" data-paged=\"1\" data-expost=\"\"  data-blockid=\"fa75a4\" data-postid=\"17094\" data-pages=\"1\" data-blockname=\"ultimate-post_post-grid-1\" data-selfpostid=\"yes\"><\/div><\/div><div class=\"pagination-block-html\" aria-hidden=\"true\" style=\"display: none;\"><\/div><\/div>","protected":false},"excerpt":{"rendered":"","protected":false},"author":7,"featured_media":0,"parent":0,"menu_order":0,"comment_status":"closed","ping_status":"closed","template":"page-templates\/template-pagebuilder-full-width.php","meta":{"neve_meta_sidebar":"full-width","neve_meta_container":"contained","neve_meta_enable_content_width":"on","neve_meta_content_width":70,"neve_meta_title_alignment":"","neve_meta_author_avatar":"","neve_post_elements_order":"","neve_meta_disable_header":"","neve_meta_disable_footer":"","neve_meta_disable_title":"on","neve_meta_reading_time":"","_themeisle_gutenberg_block_has_review":false,"_ti_tpc_template_sync":false,"_ti_tpc_template_id":"","footnotes":""},"class_list":["post-17094","page","type-page","status-publish","hentry"],"_links":{"self":[{"href":"https:\/\/tax-austria.at\/es\/wp-json\/wp\/v2\/pages\/17094","targetHints":{"allow":["GET"]}}],"collection":[{"href":"https:\/\/tax-austria.at\/es\/wp-json\/wp\/v2\/pages"}],"about":[{"href":"https:\/\/tax-austria.at\/es\/wp-json\/wp\/v2\/types\/page"}],"author":[{"embeddable":true,"href":"https:\/\/tax-austria.at\/es\/wp-json\/wp\/v2\/users\/7"}],"replies":[{"embeddable":true,"href":"https:\/\/tax-austria.at\/es\/wp-json\/wp\/v2\/comments?post=17094"}],"version-history":[{"count":18,"href":"https:\/\/tax-austria.at\/es\/wp-json\/wp\/v2\/pages\/17094\/revisions"}],"predecessor-version":[{"id":19020,"href":"https:\/\/tax-austria.at\/es\/wp-json\/wp\/v2\/pages\/17094\/revisions\/19020"}],"wp:attachment":[{"href":"https:\/\/tax-austria.at\/es\/wp-json\/wp\/v2\/media?parent=17094"}],"curies":[{"name":"wp","href":"https:\/\/api.w.org\/{rel}","templated":true}]}}